{"id":991187,"date":"2024-08-13T21:07:55","date_gmt":"2024-08-14T02:07:55","guid":{"rendered":"https:\/\/panamafertility.com\/Florida\/?page_id=991187"},"modified":"2024-09-13T14:15:47","modified_gmt":"2024-09-13T20:15:47","slug":"contact-us","status":"publish","type":"page","link":"https:\/\/panamafertility.com\/Florida\/contact-us\/","title":{"rendered":"Contact Us"},"content":{"rendered":"\t\t<div data-elementor-type=\"wp-page\" data-elementor-id=\"991187\" class=\"elementor elementor-991187\" data-elementor-post-type=\"page\">\n\t\t\t\t\t\t<section class=\"elementor-section elementor-top-section elementor-element elementor-element-4096cbe elementor-section-boxed elementor-section-height-default elementor-section-height-default\" data-id=\"4096cbe\" data-element_type=\"section\" data-settings=\"{&quot;background_background&quot;:&quot;classic&quot;}\">\n\t\t\t\t\t\t\t<div class=\"elementor-background-overlay\"><\/div>\n\t\t\t\t\t\t\t<div class=\"elementor-container elementor-column-gap-default\">\n\t\t\t\t\t<div class=\"elementor-column elementor-col-100 elementor-top-column elementor-element elementor-element-4a869ace\" data-id=\"4a869ace\" data-element_type=\"column\">\n\t\t\t<div class=\"elementor-widget-wrap elementor-element-populated\">\n\t\t\t\t\t\t<div class=\"elementor-element elementor-element-5d15706 elementor-widget elementor-widget-heading\" data-id=\"5d15706\" data-element_type=\"widget\" data-widget_type=\"heading.default\">\n\t\t\t\t<div class=\"elementor-widget-container\">\n\t\t\t\t\t<h1 class=\"elementor-heading-title elementor-size-default\">You are one step away from fulfilling your dream<\/h1>\t\t\t\t<\/div>\n\t\t\t\t<\/div>\n\t\t\t\t<div class=\"elementor-element elementor-element-4d8e18ac elementor-widget elementor-widget-heading\" data-id=\"4d8e18ac\" data-element_type=\"widget\" data-widget_type=\"heading.default\">\n\t\t\t\t<div class=\"elementor-widget-container\">\n\t\t\t\t\t<h1 class=\"elementor-heading-title elementor-size-default\">Contact us<br>\n+1 (855) 818 5515<\/h1>\t\t\t\t<\/div>\n\t\t\t\t<\/div>\n\t\t\t\t\t<\/div>\n\t\t<\/div>\n\t\t\t\t\t<\/div>\n\t\t<\/section>\n\t\t\t\t<section class=\"elementor-section elementor-top-section elementor-element elementor-element-1706ada6 elementor-section-boxed elementor-section-height-default elementor-section-height-default\" data-id=\"1706ada6\" data-element_type=\"section\">\n\t\t\t\t\t\t<div class=\"elementor-container elementor-column-gap-default\">\n\t\t\t\t\t<div class=\"elementor-column elementor-col-50 elementor-top-column elementor-element elementor-element-7502edec\" data-id=\"7502edec\" data-element_type=\"column\">\n\t\t\t<div class=\"elementor-widget-wrap elementor-element-populated\">\n\t\t\t\t\t\t<div class=\"elementor-element elementor-element-367da0d8 elementor-widget elementor-widget-heading\" data-id=\"367da0d8\" data-element_type=\"widget\" data-widget_type=\"heading.default\">\n\t\t\t\t<div class=\"elementor-widget-container\">\n\t\t\t\t\t<h2 class=\"elementor-heading-title elementor-size-default\">Panama Fertility Clinic\n<\/h2>\t\t\t\t<\/div>\n\t\t\t\t<\/div>\n\t\t\t\t<div class=\"elementor-element elementor-element-8312ceb elementor-widget elementor-widget-text-editor\" data-id=\"8312ceb\" data-element_type=\"widget\" data-widget_type=\"text-editor.default\">\n\t\t\t\t<div class=\"elementor-widget-container\">\n\t\t\t\t\t\t\t\t\tBoulevard Pac\u00edfica, Consultorios Hospital Punta Pac\u00edfica,\n\nSuite 612, Ciudad de Panam\u00e1, Panam\u00e1\t\t\t\t\t\t\t\t<\/div>\n\t\t\t\t<\/div>\n\t\t\t\t<section class=\"elementor-section elementor-inner-section elementor-element elementor-element-3d91dba elementor-section-boxed elementor-section-height-default elementor-section-height-default\" data-id=\"3d91dba\" data-element_type=\"section\">\n\t\t\t\t\t\t<div class=\"elementor-container elementor-column-gap-default\">\n\t\t\t\t\t<div class=\"elementor-column elementor-col-50 elementor-inner-column elementor-element elementor-element-5f9a364f\" data-id=\"5f9a364f\" data-element_type=\"column\">\n\t\t\t<div class=\"elementor-widget-wrap elementor-element-populated\">\n\t\t\t\t\t\t<div class=\"elementor-element elementor-element-75eda85b elementor-view-stacked elementor-shape-square elementor-position-left elementor-vertical-align-middle elementor-mobile-position-top elementor-widget elementor-widget-icon-box\" data-id=\"75eda85b\" data-element_type=\"widget\" data-widget_type=\"icon-box.default\">\n\t\t\t\t<div class=\"elementor-widget-container\">\n\t\t\t\t\t\t\t<div class=\"elementor-icon-box-wrapper\">\n\n\t\t\t\t\t\t<div class=\"elementor-icon-box-icon\">\n\t\t\t\t<span  class=\"elementor-icon\">\n\t\t\t\t<i aria-hidden=\"true\" class=\"icon icon-phone-handset\"><\/i>\t\t\t\t<\/span>\n\t\t\t<\/div>\n\t\t\t\n\t\t\t\t\t\t<div class=\"elementor-icon-box-content\">\n\n\t\t\t\t\t\t\t\t\t<h3 class=\"elementor-icon-box-title\">\n\t\t\t\t\t\t<span  >\n\t\t\t\t\t\t\tPhone\t\t\t\t\t\t<\/span>\n\t\t\t\t\t<\/h3>\n\t\t\t\t\n\t\t\t\t\t\t\t\t\t<p class=\"elementor-icon-box-description\">\n\t\t\t\t\t\t+1 (855) 818 5515\t\t\t\t\t<\/p>\n\t\t\t\t\n\t\t\t<\/div>\n\t\t\t\n\t\t<\/div>\n\t\t\t\t\t\t<\/div>\n\t\t\t\t<\/div>\n\t\t\t\t\t<\/div>\n\t\t<\/div>\n\t\t\t\t<div class=\"elementor-column elementor-col-50 elementor-inner-column elementor-element elementor-element-a46d007\" data-id=\"a46d007\" data-element_type=\"column\">\n\t\t\t<div class=\"elementor-widget-wrap elementor-element-populated\">\n\t\t\t\t\t\t<div class=\"elementor-element elementor-element-64f4a4db elementor-view-stacked elementor-shape-square elementor-position-left elementor-vertical-align-middle elementor-mobile-position-top elementor-widget elementor-widget-icon-box\" data-id=\"64f4a4db\" data-element_type=\"widget\" data-widget_type=\"icon-box.default\">\n\t\t\t\t<div class=\"elementor-widget-container\">\n\t\t\t\t\t\t\t<div class=\"elementor-icon-box-wrapper\">\n\n\t\t\t\t\t\t<div class=\"elementor-icon-box-icon\">\n\t\t\t\t<span  class=\"elementor-icon\">\n\t\t\t\t<i aria-hidden=\"true\" class=\"icon icon-email1\"><\/i>\t\t\t\t<\/span>\n\t\t\t<\/div>\n\t\t\t\n\t\t\t\t\t\t<div class=\"elementor-icon-box-content\">\n\n\t\t\t\t\t\t\t\t\t<h3 class=\"elementor-icon-box-title\">\n\t\t\t\t\t\t<span  >\n\t\t\t\t\t\t\tEmail\t\t\t\t\t\t<\/span>\n\t\t\t\t\t<\/h3>\n\t\t\t\t\n\t\t\t\t\t\t\t\t\t<p class=\"elementor-icon-box-description\">\n\t\t\t\t\t\tinfo@panamafertility.com\t\t\t\t\t<\/p>\n\t\t\t\t\n\t\t\t<\/div>\n\t\t\t\n\t\t<\/div>\n\t\t\t\t\t\t<\/div>\n\t\t\t\t<\/div>\n\t\t\t\t\t<\/div>\n\t\t<\/div>\n\t\t\t\t\t<\/div>\n\t\t<\/section>\n\t\t\t\t<section class=\"elementor-section elementor-inner-section elementor-element elementor-element-38d9435e elementor-section-boxed elementor-section-height-default elementor-section-height-default\" data-id=\"38d9435e\" data-element_type=\"section\">\n\t\t\t\t\t\t<div class=\"elementor-container elementor-column-gap-default\">\n\t\t\t\t\t<div class=\"elementor-column elementor-col-50 elementor-inner-column elementor-element elementor-element-468137ea\" data-id=\"468137ea\" data-element_type=\"column\">\n\t\t\t<div class=\"elementor-widget-wrap elementor-element-populated\">\n\t\t\t\t\t\t<div class=\"elementor-element elementor-element-43b7f22c elementor-view-stacked elementor-shape-square elementor-position-left elementor-vertical-align-middle elementor-mobile-position-top elementor-widget elementor-widget-icon-box\" data-id=\"43b7f22c\" data-element_type=\"widget\" data-widget_type=\"icon-box.default\">\n\t\t\t\t<div class=\"elementor-widget-container\">\n\t\t\t\t\t\t\t<div class=\"elementor-icon-box-wrapper\">\n\n\t\t\t\t\t\t<div class=\"elementor-icon-box-icon\">\n\t\t\t\t<span  class=\"elementor-icon\">\n\t\t\t\t<i aria-hidden=\"true\" class=\"icon icon-map-marker1\"><\/i>\t\t\t\t<\/span>\n\t\t\t<\/div>\n\t\t\t\n\t\t\t\t\t\t<div class=\"elementor-icon-box-content\">\n\n\t\t\t\t\t\t\t\t\t<h3 class=\"elementor-icon-box-title\">\n\t\t\t\t\t\t<span  >\n\t\t\t\t\t\t\tLocation\t\t\t\t\t\t<\/span>\n\t\t\t\t\t<\/h3>\n\t\t\t\t\n\t\t\t\t\t\t\t\t\t<p class=\"elementor-icon-box-description\">\n\t\t\t\t\t\t Consultorios Hospital Punta Pac\u00edfica,\n\nSuite 612, Ciudad de Panam\u00e1, Panam\u00e1\t\t\t\t\t<\/p>\n\t\t\t\t\n\t\t\t<\/div>\n\t\t\t\n\t\t<\/div>\n\t\t\t\t\t\t<\/div>\n\t\t\t\t<\/div>\n\t\t\t\t\t<\/div>\n\t\t<\/div>\n\t\t\t\t<div class=\"elementor-column elementor-col-50 elementor-inner-column elementor-element elementor-element-128995f\" data-id=\"128995f\" data-element_type=\"column\">\n\t\t\t<div class=\"elementor-widget-wrap elementor-element-populated\">\n\t\t\t\t\t\t<div class=\"elementor-element elementor-element-13ced579 elementor-widget__width-auto elementor-shape-rounded elementor-grid-0 e-grid-align-center elementor-widget elementor-widget-social-icons\" data-id=\"13ced579\" data-element_type=\"widget\" data-widget_type=\"social-icons.default\">\n\t\t\t\t<div class=\"elementor-widget-container\">\n\t\t\t\t\t\t\t<div class=\"elementor-social-icons-wrapper elementor-grid\" role=\"list\">\n\t\t\t\t\t\t\t<span class=\"elementor-grid-item\" role=\"listitem\">\n\t\t\t\t\t<a class=\"elementor-icon elementor-social-icon elementor-social-icon-facebook elementor-repeater-item-9891967\" target=\"_blank\">\n\t\t\t\t\t\t<span class=\"elementor-screen-only\">Facebook<\/span>\n\t\t\t\t\t\t<i class=\"fab fa-facebook\"><\/i>\t\t\t\t\t<\/a>\n\t\t\t\t<\/span>\n\t\t\t\t\t\t\t<span class=\"elementor-grid-item\" role=\"listitem\">\n\t\t\t\t\t<a class=\"elementor-icon elementor-social-icon elementor-social-icon-twitter elementor-repeater-item-4e6eadf\" target=\"_blank\">\n\t\t\t\t\t\t<span class=\"elementor-screen-only\">Twitter<\/span>\n\t\t\t\t\t\t<i class=\"fab fa-twitter\"><\/i>\t\t\t\t\t<\/a>\n\t\t\t\t<\/span>\n\t\t\t\t\t\t\t<span class=\"elementor-grid-item\" role=\"listitem\">\n\t\t\t\t\t<a class=\"elementor-icon elementor-social-icon elementor-social-icon-youtube elementor-repeater-item-64608d6\" target=\"_blank\">\n\t\t\t\t\t\t<span class=\"elementor-screen-only\">Youtube<\/span>\n\t\t\t\t\t\t<i class=\"fab fa-youtube\"><\/i>\t\t\t\t\t<\/a>\n\t\t\t\t<\/span>\n\t\t\t\t\t<\/div>\n\t\t\t\t\t\t<\/div>\n\t\t\t\t<\/div>\n\t\t\t\t\t<\/div>\n\t\t<\/div>\n\t\t\t\t\t<\/div>\n\t\t<\/section>\n\t\t\t\t<div class=\"elementor-element elementor-element-101c08a elementor-widget elementor-widget-heading\" data-id=\"101c08a\" data-element_type=\"widget\" data-widget_type=\"heading.default\">\n\t\t\t\t<div class=\"elementor-widget-container\">\n\t\t\t\t\t<h2 class=\"elementor-heading-title elementor-size-default\">Location<\/h2>\t\t\t\t<\/div>\n\t\t\t\t<\/div>\n\t\t\t\t<div class=\"elementor-element elementor-element-1074f1d6 elementor-widget elementor-widget-google_maps\" data-id=\"1074f1d6\" data-element_type=\"widget\" data-widget_type=\"google_maps.default\">\n\t\t\t\t<div class=\"elementor-widget-container\">\n\t\t\t\t\t\t\t<div class=\"elementor-custom-embed\">\n\t\t\t<iframe loading=\"lazy\"\n\t\t\t\t\tsrc=\"https:\/\/maps.google.com\/maps?q=Panama%20Fertility&#038;t=m&#038;z=18&#038;output=embed&#038;iwloc=near\"\n\t\t\t\t\ttitle=\"Panama Fertility\"\n\t\t\t\t\taria-label=\"Panama Fertility\"\n\t\t\t><\/iframe>\n\t\t<\/div>\n\t\t\t\t\t\t<\/div>\n\t\t\t\t<\/div>\n\t\t\t\t\t<\/div>\n\t\t<\/div>\n\t\t\t\t<div class=\"elementor-column elementor-col-50 elementor-top-column elementor-element elementor-element-7388831c\" data-id=\"7388831c\" data-element_type=\"column\" data-settings=\"{&quot;background_background&quot;:&quot;classic&quot;}\">\n\t\t\t<div class=\"elementor-widget-wrap elementor-element-populated\">\n\t\t\t\t\t\t<div class=\"elementor-element elementor-element-e2c6c52 elementor-widget elementor-widget-wpforms\" data-id=\"e2c6c52\" data-element_type=\"widget\" data-widget_type=\"wpforms.default\">\n\t\t\t\t<div class=\"elementor-widget-container\">\n\t\t\t\t\t<div class=\"wpforms-container wpforms-container-full wpforms-render-modern\" id=\"wpforms-991768\"><form id=\"wpforms-form-991768\" class=\"wpforms-validate wpforms-form wpforms-ajax-form\" data-formid=\"991768\" method=\"post\" enctype=\"multipart\/form-data\" action=\"\/Florida\/wp-json\/wp\/v2\/pages\/991187\" data-token=\"23e6a624385d4ce484eb7b12cdb1c29f\" data-token-time=\"1775305979\"><noscript class=\"wpforms-error-noscript\">Please enable JavaScript in your browser to complete this form.<\/noscript><div class=\"wpforms-hidden\" id=\"wpforms-error-noscript\">Please enable JavaScript in your browser to complete this form.<\/div><div class=\"wpforms-field-container\"><div id=\"wpforms-991768-field_1-container\" class=\"wpforms-field wpforms-field-name\" data-field-id=\"1\"><fieldset><legend class=\"wpforms-field-label\">Name <span class=\"wpforms-required-label\" aria-hidden=\"true\">*<\/span><\/legend><div class=\"wpforms-field-row wpforms-field-large\"><div class=\"wpforms-field-row-block wpforms-first wpforms-one-half\"><input type=\"text\" id=\"wpforms-991768-field_1\" class=\"wpforms-field-name-first wpforms-field-required\" name=\"wpforms[fields][1][first]\" aria-errormessage=\"wpforms-991768-field_1-error\" required><label for=\"wpforms-991768-field_1\" class=\"wpforms-field-sublabel after\">First<\/label><\/div><div class=\"wpforms-field-row-block wpforms-one-half\"><input type=\"text\" id=\"wpforms-991768-field_1-last\" class=\"wpforms-field-name-last wpforms-field-required\" name=\"wpforms[fields][1][last]\" aria-errormessage=\"wpforms-991768-field_1-last-error\" required><label for=\"wpforms-991768-field_1-last\" class=\"wpforms-field-sublabel after\">Last<\/label><\/div><\/div><\/fieldset><\/div><div id=\"wpforms-991768-field_3-container\" class=\"wpforms-field wpforms-field-email\" data-field-id=\"3\"><label class=\"wpforms-field-label\" for=\"wpforms-991768-field_3\">E-mail <span class=\"wpforms-required-label\" aria-hidden=\"true\">*<\/span><\/label><input type=\"email\" id=\"wpforms-991768-field_3\" class=\"wpforms-field-large wpforms-field-required\" name=\"wpforms[fields][3]\" spellcheck=\"false\" aria-errormessage=\"wpforms-991768-field_3-error\" required><\/div><div id=\"wpforms-991768-field_4-container\" class=\"wpforms-field wpforms-field-number\" data-field-id=\"4\"><label class=\"wpforms-field-label\" for=\"wpforms-991768-field_4\">Phone<\/label><input type=\"number\" id=\"wpforms-991768-field_4\" class=\"wpforms-field-large\" name=\"wpforms[fields][4]\" step=\"any\" aria-errormessage=\"wpforms-991768-field_4-error\" ><\/div><div id=\"wpforms-991768-field_2-container\" class=\"wpforms-field wpforms-field-text\" data-field-id=\"2\"><label class=\"wpforms-field-label\" for=\"wpforms-991768-field_2\">Country of Residence <\/label><input type=\"text\" id=\"wpforms-991768-field_2\" class=\"wpforms-field-large\" name=\"wpforms[fields][2]\" aria-errormessage=\"wpforms-991768-field_2-error\" ><\/div><div id=\"wpforms-991768-field_5-container\" class=\"wpforms-field wpforms-field-select wpforms-field-select-style-modern\" data-field-id=\"5\"><label class=\"wpforms-field-label\" for=\"wpforms-991768-field_5\">Age range <span class=\"wpforms-required-label\" aria-hidden=\"true\">*<\/span><\/label><select id=\"wpforms-991768-field_5\" class=\"wpforms-field-large wpforms-field-required choicesjs-select\" data-size-class=\"wpforms-field-row wpforms-field-large\" data-search-enabled=\"\" name=\"wpforms[fields][5]\" required=\"required\"><option value=\"\" class=\"placeholder\" disabled  selected='selected'><\/option><option value=\"Less than 25\" >Less than 25<\/option><option value=\"26 - 30\" >26 - 30<\/option><option value=\"31 - 35\" >31 - 35<\/option><option value=\"36 - 39\" >36 - 39<\/option><option value=\"+ 40\" >+ 40<\/option><\/select><\/div><div id=\"wpforms-991768-field_7-container\" class=\"wpforms-field wpforms-field-select wpforms-field-select-style-modern\" data-field-id=\"7\"><label class=\"wpforms-field-label\" for=\"wpforms-991768-field_7\">Have you had any previous treatments?<\/label><select id=\"wpforms-991768-field_7\" class=\"wpforms-field-large choicesjs-select\" data-size-class=\"wpforms-field-row wpforms-field-large\" data-search-enabled=\"\" name=\"wpforms[fields][7]\"><option value=\"\" class=\"placeholder\" disabled  selected='selected'><\/option><option value=\"Yes\" >Yes<\/option><option value=\"No\" >No<\/option><\/select><\/div><div id=\"wpforms-991768-field_8-container\" class=\"wpforms-field wpforms-field-textarea\" data-field-id=\"8\"><label class=\"wpforms-field-label\" for=\"wpforms-991768-field_8\">Tell us about your situation<\/label><textarea id=\"wpforms-991768-field_8\" class=\"wpforms-field-small\" name=\"wpforms[fields][8]\" aria-errormessage=\"wpforms-991768-field_8-error\" ><\/textarea><\/div><\/div><!-- .wpforms-field-container --><div class=\"wpforms-submit-container\" ><input type=\"hidden\" name=\"wpforms[id]\" value=\"991768\"><input type=\"hidden\" name=\"page_title\" value=\"\"><input type=\"hidden\" name=\"page_url\" value=\"https:\/\/panamafertility.com\/Florida\/wp-json\/wp\/v2\/pages\/991187\"><input type=\"hidden\" name=\"url_referer\" value=\"\"><button type=\"submit\" name=\"wpforms[submit]\" id=\"wpforms-submit-991768\" class=\"wpforms-submit\" data-alt-text=\"Sending...\" data-submit-text=\"Send\" aria-live=\"assertive\" value=\"wpforms-submit\">Send<\/button><img decoding=\"async\" src=\"https:\/\/panamafertility.com\/Florida\/wp-content\/plugins\/wpforms-lite\/assets\/images\/submit-spin.svg\" class=\"wpforms-submit-spinner\" style=\"display: none;\" width=\"26\" height=\"26\" alt=\"Loading\"><\/div><\/form><\/div>  <!-- .wpforms-container -->\t\t\t\t<\/div>\n\t\t\t\t<\/div>\n\t\t\t\t\t<\/div>\n\t\t<\/div>\n\t\t\t\t\t<\/div>\n\t\t<\/section>\n\t\t\t\t<\/div>\n\t\t","protected":false},"excerpt":{"rendered":"<p>You are one step away from fulfilling your dream Contact us +1 (855) 818 5515 Panama Fertility Clinic Boulevard Pac\u00edfica, Consultorios Hospital Punta Pac\u00edfica, Suite 612, Ciudad de Panam\u00e1, Panam\u00e1 Phone +1 (855) 818 5515 Email info@panamafertility.com Location Consultorios Hospital Punta Pac\u00edfica, Suite 612, Ciudad de Panam\u00e1, Panam\u00e1 Facebook Twitter Youtube Location Please enable JavaScript&#8230;<\/p>\n","protected":false},"author":1,"featured_media":0,"parent":0,"menu_order":0,"comment_status":"closed","ping_status":"closed","template":"","meta":{"_joinchat":[],"footnotes":""},"class_list":["post-991187","page","type-page","status-publish","hentry"],"yoast_head":"<!-- This site is optimized with the Yoast SEO plugin v25.3.1 - https:\/\/yoast.com\/wordpress\/plugins\/seo\/ -->\n<title>Contact Us - Panama Fertility<\/title>\n<meta name=\"robots\" content=\"index, follow, max-snippet:-1, max-image-preview:large, max-video-preview:-1\" \/>\n<link rel=\"canonical\" href=\"https:\/\/panamafertility.com\/Florida\/contact-us\/\" \/>\n<meta property=\"og:locale\" content=\"en_US\" \/>\n<meta property=\"og:type\" content=\"article\" \/>\n<meta property=\"og:title\" content=\"Contact Us - Panama Fertility\" \/>\n<meta property=\"og:description\" content=\"You are one step away from fulfilling your dream Contact us +1 (855) 818 5515 Panama Fertility Clinic Boulevard Pac\u00edfica, Consultorios Hospital Punta Pac\u00edfica, Suite 612, Ciudad de Panam\u00e1, Panam\u00e1 Phone +1 (855) 818 5515 Email info@panamafertility.com Location Consultorios Hospital Punta Pac\u00edfica, Suite 612, Ciudad de Panam\u00e1, Panam\u00e1 Facebook Twitter Youtube Location Please enable JavaScript...\" \/>\n<meta property=\"og:url\" content=\"https:\/\/panamafertility.com\/Florida\/contact-us\/\" \/>\n<meta property=\"og:site_name\" content=\"Panama Fertility\" \/>\n<meta property=\"article:modified_time\" content=\"2024-09-13T20:15:47+00:00\" \/>\n<meta property=\"og:image\" content=\"https:\/\/panamafertility.com\/Florida\/wp-content\/plugins\/wpforms-lite\/assets\/images\/submit-spin.svg\" \/>\n<meta name=\"twitter:card\" content=\"summary_large_image\" \/>\n<script type=\"application\/ld+json\" class=\"yoast-schema-graph\">{\"@context\":\"https:\/\/schema.org\",\"@graph\":[{\"@type\":\"WebPage\",\"@id\":\"https:\/\/panamafertility.com\/Florida\/contact-us\/\",\"url\":\"https:\/\/panamafertility.com\/Florida\/contact-us\/\",\"name\":\"Contact Us - Panama Fertility\",\"isPartOf\":{\"@id\":\"https:\/\/panamafertility.com\/Florida\/#website\"},\"primaryImageOfPage\":{\"@id\":\"https:\/\/panamafertility.com\/Florida\/contact-us\/#primaryimage\"},\"image\":{\"@id\":\"https:\/\/panamafertility.com\/Florida\/contact-us\/#primaryimage\"},\"thumbnailUrl\":\"https:\/\/panamafertility.com\/Florida\/wp-content\/plugins\/wpforms-lite\/assets\/images\/submit-spin.svg\",\"datePublished\":\"2024-08-14T02:07:55+00:00\",\"dateModified\":\"2024-09-13T20:15:47+00:00\",\"breadcrumb\":{\"@id\":\"https:\/\/panamafertility.com\/Florida\/contact-us\/#breadcrumb\"},\"inLanguage\":\"en-US\",\"potentialAction\":[{\"@type\":\"ReadAction\",\"target\":[\"https:\/\/panamafertility.com\/Florida\/contact-us\/\"]}]},{\"@type\":\"ImageObject\",\"inLanguage\":\"en-US\",\"@id\":\"https:\/\/panamafertility.com\/Florida\/contact-us\/#primaryimage\",\"url\":\"https:\/\/panamafertility.com\/Florida\/wp-content\/plugins\/wpforms-lite\/assets\/images\/submit-spin.svg\",\"contentUrl\":\"https:\/\/panamafertility.com\/Florida\/wp-content\/plugins\/wpforms-lite\/assets\/images\/submit-spin.svg\"},{\"@type\":\"BreadcrumbList\",\"@id\":\"https:\/\/panamafertility.com\/Florida\/contact-us\/#breadcrumb\",\"itemListElement\":[{\"@type\":\"ListItem\",\"position\":1,\"name\":\"Home\",\"item\":\"https:\/\/panamafertility.com\/Florida\/\"},{\"@type\":\"ListItem\",\"position\":2,\"name\":\"Contact Us\"}]},{\"@type\":\"WebSite\",\"@id\":\"https:\/\/panamafertility.com\/Florida\/#website\",\"url\":\"https:\/\/panamafertility.com\/Florida\/\",\"name\":\"Panama Fertility\",\"description\":\"Fertility Clinics in Florida\",\"publisher\":{\"@id\":\"https:\/\/panamafertility.com\/Florida\/#organization\"},\"potentialAction\":[{\"@type\":\"SearchAction\",\"target\":{\"@type\":\"EntryPoint\",\"urlTemplate\":\"https:\/\/panamafertility.com\/Florida\/?s={search_term_string}\"},\"query-input\":{\"@type\":\"PropertyValueSpecification\",\"valueRequired\":true,\"valueName\":\"search_term_string\"}}],\"inLanguage\":\"en-US\"},{\"@type\":\"Organization\",\"@id\":\"https:\/\/panamafertility.com\/Florida\/#organization\",\"name\":\"Panama Fertility\",\"url\":\"https:\/\/panamafertility.com\/Florida\/\",\"logo\":{\"@type\":\"ImageObject\",\"inLanguage\":\"en-US\",\"@id\":\"https:\/\/panamafertility.com\/Florida\/#\/schema\/logo\/image\/\",\"url\":\"https:\/\/panamafertility.com\/Florida\/wp-content\/uploads\/2021\/05\/logoPF-03-2.png\",\"contentUrl\":\"https:\/\/panamafertility.com\/Florida\/wp-content\/uploads\/2021\/05\/logoPF-03-2.png\",\"width\":4990,\"height\":1792,\"caption\":\"Panama Fertility\"},\"image\":{\"@id\":\"https:\/\/panamafertility.com\/Florida\/#\/schema\/logo\/image\/\"}}]}<\/script>\n<!-- \/ Yoast SEO plugin. -->","yoast_head_json":{"title":"Contact Us - Panama Fertility","robots":{"index":"index","follow":"follow","max-snippet":"max-snippet:-1","max-image-preview":"max-image-preview:large","max-video-preview":"max-video-preview:-1"},"canonical":"https:\/\/panamafertility.com\/Florida\/contact-us\/","og_locale":"en_US","og_type":"article","og_title":"Contact Us - Panama Fertility","og_description":"You are one step away from fulfilling your dream Contact us +1 (855) 818 5515 Panama Fertility Clinic Boulevard Pac\u00edfica, Consultorios Hospital Punta Pac\u00edfica, Suite 612, Ciudad de Panam\u00e1, Panam\u00e1 Phone +1 (855) 818 5515 Email info@panamafertility.com Location Consultorios Hospital Punta Pac\u00edfica, Suite 612, Ciudad de Panam\u00e1, Panam\u00e1 Facebook Twitter Youtube Location Please enable JavaScript...","og_url":"https:\/\/panamafertility.com\/Florida\/contact-us\/","og_site_name":"Panama Fertility","article_modified_time":"2024-09-13T20:15:47+00:00","og_image":[{"url":"https:\/\/panamafertility.com\/Florida\/wp-content\/plugins\/wpforms-lite\/assets\/images\/submit-spin.svg","type":"","width":"","height":""}],"twitter_card":"summary_large_image","schema":{"@context":"https:\/\/schema.org","@graph":[{"@type":"WebPage","@id":"https:\/\/panamafertility.com\/Florida\/contact-us\/","url":"https:\/\/panamafertility.com\/Florida\/contact-us\/","name":"Contact Us - Panama Fertility","isPartOf":{"@id":"https:\/\/panamafertility.com\/Florida\/#website"},"primaryImageOfPage":{"@id":"https:\/\/panamafertility.com\/Florida\/contact-us\/#primaryimage"},"image":{"@id":"https:\/\/panamafertility.com\/Florida\/contact-us\/#primaryimage"},"thumbnailUrl":"https:\/\/panamafertility.com\/Florida\/wp-content\/plugins\/wpforms-lite\/assets\/images\/submit-spin.svg","datePublished":"2024-08-14T02:07:55+00:00","dateModified":"2024-09-13T20:15:47+00:00","breadcrumb":{"@id":"https:\/\/panamafertility.com\/Florida\/contact-us\/#breadcrumb"},"inLanguage":"en-US","potentialAction":[{"@type":"ReadAction","target":["https:\/\/panamafertility.com\/Florida\/contact-us\/"]}]},{"@type":"ImageObject","inLanguage":"en-US","@id":"https:\/\/panamafertility.com\/Florida\/contact-us\/#primaryimage","url":"https:\/\/panamafertility.com\/Florida\/wp-content\/plugins\/wpforms-lite\/assets\/images\/submit-spin.svg","contentUrl":"https:\/\/panamafertility.com\/Florida\/wp-content\/plugins\/wpforms-lite\/assets\/images\/submit-spin.svg"},{"@type":"BreadcrumbList","@id":"https:\/\/panamafertility.com\/Florida\/contact-us\/#breadcrumb","itemListElement":[{"@type":"ListItem","position":1,"name":"Home","item":"https:\/\/panamafertility.com\/Florida\/"},{"@type":"ListItem","position":2,"name":"Contact Us"}]},{"@type":"WebSite","@id":"https:\/\/panamafertility.com\/Florida\/#website","url":"https:\/\/panamafertility.com\/Florida\/","name":"Panama Fertility","description":"Fertility Clinics in Florida","publisher":{"@id":"https:\/\/panamafertility.com\/Florida\/#organization"},"potentialAction":[{"@type":"SearchAction","target":{"@type":"EntryPoint","urlTemplate":"https:\/\/panamafertility.com\/Florida\/?s={search_term_string}"},"query-input":{"@type":"PropertyValueSpecification","valueRequired":true,"valueName":"search_term_string"}}],"inLanguage":"en-US"},{"@type":"Organization","@id":"https:\/\/panamafertility.com\/Florida\/#organization","name":"Panama Fertility","url":"https:\/\/panamafertility.com\/Florida\/","logo":{"@type":"ImageObject","inLanguage":"en-US","@id":"https:\/\/panamafertility.com\/Florida\/#\/schema\/logo\/image\/","url":"https:\/\/panamafertility.com\/Florida\/wp-content\/uploads\/2021\/05\/logoPF-03-2.png","contentUrl":"https:\/\/panamafertility.com\/Florida\/wp-content\/uploads\/2021\/05\/logoPF-03-2.png","width":4990,"height":1792,"caption":"Panama Fertility"},"image":{"@id":"https:\/\/panamafertility.com\/Florida\/#\/schema\/logo\/image\/"}}]}},"_links":{"self":[{"href":"https:\/\/panamafertility.com\/Florida\/wp-json\/wp\/v2\/pages\/991187","targetHints":{"allow":["GET"]}}],"collection":[{"href":"https:\/\/panamafertility.com\/Florida\/wp-json\/wp\/v2\/pages"}],"about":[{"href":"https:\/\/panamafertility.com\/Florida\/wp-json\/wp\/v2\/types\/page"}],"author":[{"embeddable":true,"href":"https:\/\/panamafertility.com\/Florida\/wp-json\/wp\/v2\/users\/1"}],"replies":[{"embeddable":true,"href":"https:\/\/panamafertility.com\/Florida\/wp-json\/wp\/v2\/comments?post=991187"}],"version-history":[{"count":7,"href":"https:\/\/panamafertility.com\/Florida\/wp-json\/wp\/v2\/pages\/991187\/revisions"}],"predecessor-version":[{"id":992090,"href":"https:\/\/panamafertility.com\/Florida\/wp-json\/wp\/v2\/pages\/991187\/revisions\/992090"}],"wp:attachment":[{"href":"https:\/\/panamafertility.com\/Florida\/wp-json\/wp\/v2\/media?parent=991187"}],"curies":[{"name":"wp","href":"https:\/\/api.w.org\/{rel}","templated":true}]}}